{"id":363,"date":"2020-09-25T14:25:46","date_gmt":"2020-09-25T14:25:46","guid":{"rendered":"https:\/\/filosofiadobemestar.com.br\/?page_id=363"},"modified":"2025-05-15T11:09:54","modified_gmt":"2025-05-15T11:09:54","slug":"clube-dos-afiliados","status":"publish","type":"page","link":"https:\/\/filosofiadobemestar.com.br\/?page_id=363","title":{"rendered":"Clube do Bem-Estar"},"content":{"rendered":"\r\n<figure class=\"wp-block-image size-large\"><img loading=\"lazy\" decoding=\"async\" class=\"alignnone wp-image-4218\" src=\"https:\/\/filosofiadobemestar.com.br\/wp-content\/uploads\/2025\/02\/photo_2025-02-02_16-06-56.jpg\" alt=\"\" width=\"600\" height=\"600\" srcset=\"https:\/\/filosofiadobemestar.com.br\/wp-content\/uploads\/2025\/02\/photo_2025-02-02_16-06-56.jpg 600w, https:\/\/filosofiadobemestar.com.br\/wp-content\/uploads\/2025\/02\/photo_2025-02-02_16-06-56-300x300.jpg 300w, https:\/\/filosofiadobemestar.com.br\/wp-content\/uploads\/2025\/02\/photo_2025-02-02_16-06-56-150x150.jpg 150w\" sizes=\"(max-width: 600px) 100vw, 600px\" \/><\/figure>\r\n\r\n\r\n\r\n<p>&nbsp;<\/p>\r\n<p>Voc\u00ea cria sua pr\u00f3pria realidade.<\/p>\r\n\r\n\r\n\r\n<p>Como seria se voc\u00ea pudesse criar com mais facilidade e alegria?<\/p>\r\n\r\n\r\n\r\n<p>O Grupo ViP_Clube do Bem Estar \u00e9 um espa\u00e7o dedicado ao crescimento pessoal e \u00e0 expans\u00e3o da consci\u00eancia onde, a cada semana, exploramos temas essenciais para nossa evolu\u00e7\u00e3o. <br \/>\u2728<br \/>Nossos encontros s\u00e3o guiados pelos tr\u00eas pilares que sustentam uma vida equilibrada e plena: <br \/>\u2728<br \/>Pilar 1 &#8211; CONEX\u00c3O<br \/>(Relacionamentos e Espiritualidade)<br \/>Pilar 2 &#8211; VITALIDADE<br \/>(Sa\u00fade, Corpo e Lazer)<br \/>Pilar 3- REALIZA\u00c7\u00c3O<br \/>(Carreira, Finan\u00e7as e Desenvolvimento Pessoal)<br \/>\u2728<br \/>Junto, refletimos, compartilhamos experi\u00eancias e aplicamos pr\u00e1ticas que nos ajudam a viver com mais prop\u00f3sito, abund\u00e2ncia e bem-estar.<\/p>\r\n\r\n\r\n\r\n<p>Temos Lives Semanais pelo Zoom com participa\u00e7\u00e3o ativa, estudos de livros, e divulga\u00e7\u00e3o de materiais in\u00e9ditos.<\/p>\r\n\r\n\r\n\r\n<p>Temos tamb\u00e9m um grupo no Telegram, exclusivo para os membros do Clube.<\/p>\r\n\r\n\r\n\r\n<p>Todo o conte\u00fado fica dispon\u00edvel por tempo indeterminado para os assinantes.<\/p>\r\n\r\n\r\n\r\n<p>Se voc\u00ea quer mudar sua vida, mude suas escolhas.<\/p>\r\n\r\n\r\n\r\n<p>Clique aqui para fazer parte da nossa Comunidade: <a href=\"https:\/\/go.hotmart.com\/W97478362U\" target=\"_blank\" rel=\"noreferrer noopener\">Grupo VIP_Clube do Bem Estar<\/a><br \/><br \/><a class=\"maxbutton-5 maxbutton maxbutton-clube-do-bem-estar\" href=\"https:\/\/hotmart.com\/pt-br\/marketplace\/produtos\/grupo-vip_clube-do-bem-estar\/W97478362U\"><span class='mb-text'>FA\u00c7A SUA INSCRI\u00c7\u00c3O AQUI<\/span><\/a><\/p>\r\n\r\n\r\n\r\n\r\n\r\n<p>Espero voc\u00eas,<\/p>\r\n\r\n\r\n\r\n<p>Adri Bomtempi<\/p>\r\n\r\n\r\n\r\n<p>&nbsp;<\/p>\r\n","protected":false},"excerpt":{"rendered":"<p>&nbsp; Voc\u00ea cria sua pr\u00f3pria realidade. Como seria se voc\u00ea pudesse criar com mais facilidade e alegria? O Grupo ViP_Clube do Bem Estar \u00e9 um espa\u00e7o dedicado ao crescimento pessoal e \u00e0 expans\u00e3o da consci\u00eancia onde, a cada semana, exploramos temas essenciais para nossa evolu\u00e7\u00e3o. \u2728Nossos encontros s\u00e3o guiados pelos tr\u00eas pilares que sustentam uma &hellip; <a href=\"https:\/\/filosofiadobemestar.com.br\/?page_id=363\" class=\"more-link\">Continue reading <span class=\"screen-reader-text\">Clube do Bem-Estar<\/span><\/a><\/p>\n","protected":false},"author":1,"featured_media":0,"parent":0,"menu_order":0,"comment_status":"closed","ping_status":"closed","template":"","meta":{"_monsterinsights_skip_tracking":false,"_monsterinsights_sitenote_active":false,"_monsterinsights_sitenote_note":"","_monsterinsights_sitenote_category":0,"footnotes":""},"yoast_head":"<!-- This site is optimized with the Yoast SEO plugin v22.3 - https:\/\/yoast.com\/wordpress\/plugins\/seo\/ -->\n<title>Clube do Bem-Estar - Adri Bomtempi<\/title>\n<meta name=\"robots\" content=\"index, follow, max-snippet:-1, max-image-preview:large, max-video-preview:-1\" \/>\n<link rel=\"canonical\" href=\"https:\/\/filosofiadobemestar.com.br\/?page_id=363\" \/>\n<meta property=\"og:locale\" content=\"en_US\" \/>\n<meta property=\"og:type\" content=\"article\" \/>\n<meta property=\"og:title\" content=\"Clube do Bem-Estar - Adri Bomtempi\" \/>\n<meta property=\"og:description\" content=\"&nbsp; Voc\u00ea cria sua pr\u00f3pria realidade. Como seria se voc\u00ea pudesse criar com mais facilidade e alegria? O Grupo ViP_Clube do Bem Estar \u00e9 um espa\u00e7o dedicado ao crescimento pessoal e \u00e0 expans\u00e3o da consci\u00eancia onde, a cada semana, exploramos temas essenciais para nossa evolu\u00e7\u00e3o. \u2728Nossos encontros s\u00e3o guiados pelos tr\u00eas pilares que sustentam uma &hellip; Continue reading Clube do Bem-Estar\" \/>\n<meta property=\"og:url\" content=\"https:\/\/filosofiadobemestar.com.br\/?page_id=363\" \/>\n<meta property=\"og:site_name\" content=\"Adri Bomtempi\" \/>\n<meta property=\"article:modified_time\" content=\"2025-05-15T11:09:54+00:00\" \/>\n<meta property=\"og:image\" content=\"https:\/\/filosofiadobemestar.com.br\/wp-content\/uploads\/2025\/02\/photo_2025-02-02_16-06-56.jpg\" \/>\n<meta name=\"twitter:card\" content=\"summary_large_image\" \/>\n<meta name=\"twitter:label1\" content=\"Est. reading time\" \/>\n\t<meta name=\"twitter:data1\" content=\"1 minute\" \/>\n<script type=\"application\/ld+json\" class=\"yoast-schema-graph\">{\"@context\":\"https:\/\/schema.org\",\"@graph\":[{\"@type\":\"WebPage\",\"@id\":\"https:\/\/filosofiadobemestar.com.br\/?page_id=363\",\"url\":\"https:\/\/filosofiadobemestar.com.br\/?page_id=363\",\"name\":\"Clube do Bem-Estar - Adri Bomtempi\",\"isPartOf\":{\"@id\":\"https:\/\/filosofiadobemestar.com.br\/#website\"},\"primaryImageOfPage\":{\"@id\":\"https:\/\/filosofiadobemestar.com.br\/?page_id=363#primaryimage\"},\"image\":{\"@id\":\"https:\/\/filosofiadobemestar.com.br\/?page_id=363#primaryimage\"},\"thumbnailUrl\":\"https:\/\/filosofiadobemestar.com.br\/wp-content\/uploads\/2025\/02\/photo_2025-02-02_16-06-56.jpg\",\"datePublished\":\"2020-09-25T14:25:46+00:00\",\"dateModified\":\"2025-05-15T11:09:54+00:00\",\"breadcrumb\":{\"@id\":\"https:\/\/filosofiadobemestar.com.br\/?page_id=363#breadcrumb\"},\"inLanguage\":\"en-US\",\"potentialAction\":[{\"@type\":\"ReadAction\",\"target\":[\"https:\/\/filosofiadobemestar.com.br\/?page_id=363\"]}]},{\"@type\":\"ImageObject\",\"inLanguage\":\"en-US\",\"@id\":\"https:\/\/filosofiadobemestar.com.br\/?page_id=363#primaryimage\",\"url\":\"https:\/\/filosofiadobemestar.com.br\/wp-content\/uploads\/2025\/02\/photo_2025-02-02_16-06-56.jpg\",\"contentUrl\":\"https:\/\/filosofiadobemestar.com.br\/wp-content\/uploads\/2025\/02\/photo_2025-02-02_16-06-56.jpg\",\"width\":600,\"height\":600},{\"@type\":\"BreadcrumbList\",\"@id\":\"https:\/\/filosofiadobemestar.com.br\/?page_id=363#breadcrumb\",\"itemListElement\":[{\"@type\":\"ListItem\",\"position\":1,\"name\":\"Home\",\"item\":\"https:\/\/filosofiadobemestar.com.br\/\"},{\"@type\":\"ListItem\",\"position\":2,\"name\":\"Clube do Bem-Estar\"}]},{\"@type\":\"WebSite\",\"@id\":\"https:\/\/filosofiadobemestar.com.br\/#website\",\"url\":\"https:\/\/filosofiadobemestar.com.br\/\",\"name\":\"Adri Bomtempi\",\"description\":\"Psicanalista Integrativa\",\"publisher\":{\"@id\":\"https:\/\/filosofiadobemestar.com.br\/#organization\"},\"potentialAction\":[{\"@type\":\"SearchAction\",\"target\":{\"@type\":\"EntryPoint\",\"urlTemplate\":\"https:\/\/filosofiadobemestar.com.br\/?s={search_term_string}\"},\"query-input\":\"required name=search_term_string\"}],\"inLanguage\":\"en-US\"},{\"@type\":\"Organization\",\"@id\":\"https:\/\/filosofiadobemestar.com.br\/#organization\",\"name\":\"Adri Bomtempi\",\"url\":\"https:\/\/filosofiadobemestar.com.br\/\",\"logo\":{\"@type\":\"ImageObject\",\"inLanguage\":\"en-US\",\"@id\":\"https:\/\/filosofiadobemestar.com.br\/#\/schema\/logo\/image\/\",\"url\":\"https:\/\/filosofiadobemestar.com.br\/wp-content\/uploads\/2024\/05\/Awesome2-1.png\",\"contentUrl\":\"https:\/\/filosofiadobemestar.com.br\/wp-content\/uploads\/2024\/05\/Awesome2-1.png\",\"width\":248,\"height\":248,\"caption\":\"Adri Bomtempi\"},\"image\":{\"@id\":\"https:\/\/filosofiadobemestar.com.br\/#\/schema\/logo\/image\/\"}}]}<\/script>\n<!-- \/ Yoast SEO plugin. -->","yoast_head_json":{"title":"Clube do Bem-Estar - Adri Bomtempi","robots":{"index":"index","follow":"follow","max-snippet":"max-snippet:-1","max-image-preview":"max-image-preview:large","max-video-preview":"max-video-preview:-1"},"canonical":"https:\/\/filosofiadobemestar.com.br\/?page_id=363","og_locale":"en_US","og_type":"article","og_title":"Clube do Bem-Estar - Adri Bomtempi","og_description":"&nbsp; Voc\u00ea cria sua pr\u00f3pria realidade. Como seria se voc\u00ea pudesse criar com mais facilidade e alegria? O Grupo ViP_Clube do Bem Estar \u00e9 um espa\u00e7o dedicado ao crescimento pessoal e \u00e0 expans\u00e3o da consci\u00eancia onde, a cada semana, exploramos temas essenciais para nossa evolu\u00e7\u00e3o. \u2728Nossos encontros s\u00e3o guiados pelos tr\u00eas pilares que sustentam uma &hellip; Continue reading Clube do Bem-Estar","og_url":"https:\/\/filosofiadobemestar.com.br\/?page_id=363","og_site_name":"Adri Bomtempi","article_modified_time":"2025-05-15T11:09:54+00:00","og_image":[{"url":"https:\/\/filosofiadobemestar.com.br\/wp-content\/uploads\/2025\/02\/photo_2025-02-02_16-06-56.jpg"}],"twitter_card":"summary_large_image","twitter_misc":{"Est. reading time":"1 minute"},"schema":{"@context":"https:\/\/schema.org","@graph":[{"@type":"WebPage","@id":"https:\/\/filosofiadobemestar.com.br\/?page_id=363","url":"https:\/\/filosofiadobemestar.com.br\/?page_id=363","name":"Clube do Bem-Estar - Adri Bomtempi","isPartOf":{"@id":"https:\/\/filosofiadobemestar.com.br\/#website"},"primaryImageOfPage":{"@id":"https:\/\/filosofiadobemestar.com.br\/?page_id=363#primaryimage"},"image":{"@id":"https:\/\/filosofiadobemestar.com.br\/?page_id=363#primaryimage"},"thumbnailUrl":"https:\/\/filosofiadobemestar.com.br\/wp-content\/uploads\/2025\/02\/photo_2025-02-02_16-06-56.jpg","datePublished":"2020-09-25T14:25:46+00:00","dateModified":"2025-05-15T11:09:54+00:00","breadcrumb":{"@id":"https:\/\/filosofiadobemestar.com.br\/?page_id=363#breadcrumb"},"inLanguage":"en-US","potentialAction":[{"@type":"ReadAction","target":["https:\/\/filosofiadobemestar.com.br\/?page_id=363"]}]},{"@type":"ImageObject","inLanguage":"en-US","@id":"https:\/\/filosofiadobemestar.com.br\/?page_id=363#primaryimage","url":"https:\/\/filosofiadobemestar.com.br\/wp-content\/uploads\/2025\/02\/photo_2025-02-02_16-06-56.jpg","contentUrl":"https:\/\/filosofiadobemestar.com.br\/wp-content\/uploads\/2025\/02\/photo_2025-02-02_16-06-56.jpg","width":600,"height":600},{"@type":"BreadcrumbList","@id":"https:\/\/filosofiadobemestar.com.br\/?page_id=363#breadcrumb","itemListElement":[{"@type":"ListItem","position":1,"name":"Home","item":"https:\/\/filosofiadobemestar.com.br\/"},{"@type":"ListItem","position":2,"name":"Clube do Bem-Estar"}]},{"@type":"WebSite","@id":"https:\/\/filosofiadobemestar.com.br\/#website","url":"https:\/\/filosofiadobemestar.com.br\/","name":"Adri Bomtempi","description":"Psicanalista Integrativa","publisher":{"@id":"https:\/\/filosofiadobemestar.com.br\/#organization"},"potentialAction":[{"@type":"SearchAction","target":{"@type":"EntryPoint","urlTemplate":"https:\/\/filosofiadobemestar.com.br\/?s={search_term_string}"},"query-input":"required name=search_term_string"}],"inLanguage":"en-US"},{"@type":"Organization","@id":"https:\/\/filosofiadobemestar.com.br\/#organization","name":"Adri Bomtempi","url":"https:\/\/filosofiadobemestar.com.br\/","logo":{"@type":"ImageObject","inLanguage":"en-US","@id":"https:\/\/filosofiadobemestar.com.br\/#\/schema\/logo\/image\/","url":"https:\/\/filosofiadobemestar.com.br\/wp-content\/uploads\/2024\/05\/Awesome2-1.png","contentUrl":"https:\/\/filosofiadobemestar.com.br\/wp-content\/uploads\/2024\/05\/Awesome2-1.png","width":248,"height":248,"caption":"Adri Bomtempi"},"image":{"@id":"https:\/\/filosofiadobemestar.com.br\/#\/schema\/logo\/image\/"}}]}},"post_mailing_queue_ids":[],"_links":{"self":[{"href":"https:\/\/filosofiadobemestar.com.br\/index.php?rest_route=\/wp\/v2\/pages\/363"}],"collection":[{"href":"https:\/\/filosofiadobemestar.com.br\/index.php?rest_route=\/wp\/v2\/pages"}],"about":[{"href":"https:\/\/filosofiadobemestar.com.br\/index.php?rest_route=\/wp\/v2\/types\/page"}],"author":[{"embeddable":true,"href":"https:\/\/filosofiadobemestar.com.br\/index.php?rest_route=\/wp\/v2\/users\/1"}],"replies":[{"embeddable":true,"href":"https:\/\/filosofiadobemestar.com.br\/index.php?rest_route=%2Fwp%2Fv2%2Fcomments&post=363"}],"version-history":[{"count":39,"href":"https:\/\/filosofiadobemestar.com.br\/index.php?rest_route=\/wp\/v2\/pages\/363\/revisions"}],"predecessor-version":[{"id":4443,"href":"https:\/\/filosofiadobemestar.com.br\/index.php?rest_route=\/wp\/v2\/pages\/363\/revisions\/4443"}],"wp:attachment":[{"href":"https:\/\/filosofiadobemestar.com.br\/index.php?rest_route=%2Fwp%2Fv2%2Fmedia&parent=363"}],"curies":[{"name":"wp","href":"https:\/\/api.w.org\/{rel}","templated":true}]}}