{"id":4320,"date":"2025-03-10T18:51:06","date_gmt":"2025-03-10T18:51:06","guid":{"rendered":"https:\/\/filosofiadobemestar.com.br\/?page_id=4320"},"modified":"2025-03-10T18:57:35","modified_gmt":"2025-03-10T18:57:35","slug":"clube-da-leitura-2","status":"publish","type":"page","link":"https:\/\/filosofiadobemestar.com.br\/?page_id=4320","title":{"rendered":"Clube da Leitura"},"content":{"rendered":"<p><img loading=\"lazy\" decoding=\"async\" class=\"alignnone wp-image-4321 size-large\" src=\"https:\/\/filosofiadobemestar.com.br\/wp-content\/uploads\/2025\/03\/Clube-da-Leitura-1024x576.png\" alt=\"\" width=\"660\" height=\"371\" srcset=\"https:\/\/filosofiadobemestar.com.br\/wp-content\/uploads\/2025\/03\/Clube-da-Leitura-1024x576.png 1024w, https:\/\/filosofiadobemestar.com.br\/wp-content\/uploads\/2025\/03\/Clube-da-Leitura-300x169.png 300w, https:\/\/filosofiadobemestar.com.br\/wp-content\/uploads\/2025\/03\/Clube-da-Leitura-768x432.png 768w, https:\/\/filosofiadobemestar.com.br\/wp-content\/uploads\/2025\/03\/Clube-da-Leitura.png 1280w\" sizes=\"(max-width: 660px) 100vw, 660px\" \/><\/p>\n<p>Bem-vindo!<\/p>\n<p>Nosso clube \u00e9 um espa\u00e7o para mergulhar em livros transformadores, compartilhar reflex\u00f5es profundas e expandir a consci\u00eancia por meio da leitura. Aqui, formamos uma comunidade conectada pelo autoconhecimento e pela busca por sabedoria.<\/p>\n<p>Atualmente, estamos explorando Mulheres que Correm com os Lobos, um convite para resgatar a ess\u00eancia instintiva e a for\u00e7a interior. Mas nosso clube j\u00e1 percorreu outras obras enriquecedoras e seguir\u00e1 sempre com novas leituras inspiradoras.<\/p>\n<p>Se voc\u00ea ama aprender, refletir e crescer em boa companhia, venha fazer parte dessa jornada!<\/p>\n<p style=\"text-align: center;\"><a class=\"maxbutton-3 maxbutton maxbutton-clube-da-leitura\" href=\"https:\/\/pay.hotmart.com\/E76929709V\"><span class='mb-text'>FA\u00c7A SUA INSCRI\u00c7\u00c3O AQUI<\/span><\/a><\/p>\n","protected":false},"excerpt":{"rendered":"<p>Bem-vindo! Nosso clube \u00e9 um espa\u00e7o para mergulhar em livros transformadores, compartilhar reflex\u00f5es profundas e expandir a consci\u00eancia por meio da leitura. Aqui, formamos uma comunidade conectada pelo autoconhecimento e pela busca por sabedoria. Atualmente, estamos explorando Mulheres que Correm com os Lobos, um convite para resgatar a ess\u00eancia instintiva e a for\u00e7a interior. Mas &hellip; <a href=\"https:\/\/filosofiadobemestar.com.br\/?page_id=4320\" class=\"more-link\">Continue reading <span class=\"screen-reader-text\">Clube da Leitura<\/span><\/a><\/p>\n","protected":false},"author":1,"featured_media":0,"parent":0,"menu_order":0,"comment_status":"closed","ping_status":"closed","template":"","meta":{"_monsterinsights_skip_tracking":false,"_monsterinsights_sitenote_active":false,"_monsterinsights_sitenote_note":"","_monsterinsights_sitenote_category":0,"footnotes":""},"yoast_head":"<!-- This site is optimized with the Yoast SEO plugin v22.3 - https:\/\/yoast.com\/wordpress\/plugins\/seo\/ -->\n<title>Clube da Leitura - Adri Bomtempi<\/title>\n<meta name=\"robots\" content=\"index, follow, max-snippet:-1, max-image-preview:large, max-video-preview:-1\" \/>\n<link rel=\"canonical\" href=\"https:\/\/filosofiadobemestar.com.br\/?page_id=4320\" \/>\n<meta property=\"og:locale\" content=\"en_US\" \/>\n<meta property=\"og:type\" content=\"article\" \/>\n<meta property=\"og:title\" content=\"Clube da Leitura - Adri Bomtempi\" \/>\n<meta property=\"og:description\" content=\"Bem-vindo! Nosso clube \u00e9 um espa\u00e7o para mergulhar em livros transformadores, compartilhar reflex\u00f5es profundas e expandir a consci\u00eancia por meio da leitura. Aqui, formamos uma comunidade conectada pelo autoconhecimento e pela busca por sabedoria. Atualmente, estamos explorando Mulheres que Correm com os Lobos, um convite para resgatar a ess\u00eancia instintiva e a for\u00e7a interior. Mas &hellip; Continue reading Clube da Leitura\" \/>\n<meta property=\"og:url\" content=\"https:\/\/filosofiadobemestar.com.br\/?page_id=4320\" \/>\n<meta property=\"og:site_name\" content=\"Adri Bomtempi\" \/>\n<meta property=\"article:modified_time\" content=\"2025-03-10T18:57:35+00:00\" \/>\n<meta property=\"og:image\" content=\"https:\/\/filosofiadobemestar.com.br\/wp-content\/uploads\/2025\/03\/Clube-da-Leitura-1024x576.png\" \/>\n<meta name=\"twitter:card\" content=\"summary_large_image\" \/>\n<meta name=\"twitter:label1\" content=\"Est. reading time\" \/>\n\t<meta name=\"twitter:data1\" content=\"1 minute\" \/>\n<script type=\"application\/ld+json\" class=\"yoast-schema-graph\">{\"@context\":\"https:\/\/schema.org\",\"@graph\":[{\"@type\":\"WebPage\",\"@id\":\"https:\/\/filosofiadobemestar.com.br\/?page_id=4320\",\"url\":\"https:\/\/filosofiadobemestar.com.br\/?page_id=4320\",\"name\":\"Clube da Leitura - Adri Bomtempi\",\"isPartOf\":{\"@id\":\"https:\/\/filosofiadobemestar.com.br\/#website\"},\"primaryImageOfPage\":{\"@id\":\"https:\/\/filosofiadobemestar.com.br\/?page_id=4320#primaryimage\"},\"image\":{\"@id\":\"https:\/\/filosofiadobemestar.com.br\/?page_id=4320#primaryimage\"},\"thumbnailUrl\":\"https:\/\/filosofiadobemestar.com.br\/wp-content\/uploads\/2025\/03\/Clube-da-Leitura-1024x576.png\",\"datePublished\":\"2025-03-10T18:51:06+00:00\",\"dateModified\":\"2025-03-10T18:57:35+00:00\",\"breadcrumb\":{\"@id\":\"https:\/\/filosofiadobemestar.com.br\/?page_id=4320#breadcrumb\"},\"inLanguage\":\"en-US\",\"potentialAction\":[{\"@type\":\"ReadAction\",\"target\":[\"https:\/\/filosofiadobemestar.com.br\/?page_id=4320\"]}]},{\"@type\":\"ImageObject\",\"inLanguage\":\"en-US\",\"@id\":\"https:\/\/filosofiadobemestar.com.br\/?page_id=4320#primaryimage\",\"url\":\"https:\/\/filosofiadobemestar.com.br\/wp-content\/uploads\/2025\/03\/Clube-da-Leitura.png\",\"contentUrl\":\"https:\/\/filosofiadobemestar.com.br\/wp-content\/uploads\/2025\/03\/Clube-da-Leitura.png\",\"width\":1280,\"height\":720},{\"@type\":\"BreadcrumbList\",\"@id\":\"https:\/\/filosofiadobemestar.com.br\/?page_id=4320#breadcrumb\",\"itemListElement\":[{\"@type\":\"ListItem\",\"position\":1,\"name\":\"Home\",\"item\":\"https:\/\/filosofiadobemestar.com.br\/\"},{\"@type\":\"ListItem\",\"position\":2,\"name\":\"Clube da Leitura\"}]},{\"@type\":\"WebSite\",\"@id\":\"https:\/\/filosofiadobemestar.com.br\/#website\",\"url\":\"https:\/\/filosofiadobemestar.com.br\/\",\"name\":\"Adri Bomtempi\",\"description\":\"Psicanalista Integrativa\",\"publisher\":{\"@id\":\"https:\/\/filosofiadobemestar.com.br\/#organization\"},\"potentialAction\":[{\"@type\":\"SearchAction\",\"target\":{\"@type\":\"EntryPoint\",\"urlTemplate\":\"https:\/\/filosofiadobemestar.com.br\/?s={search_term_string}\"},\"query-input\":\"required name=search_term_string\"}],\"inLanguage\":\"en-US\"},{\"@type\":\"Organization\",\"@id\":\"https:\/\/filosofiadobemestar.com.br\/#organization\",\"name\":\"Adri Bomtempi\",\"url\":\"https:\/\/filosofiadobemestar.com.br\/\",\"logo\":{\"@type\":\"ImageObject\",\"inLanguage\":\"en-US\",\"@id\":\"https:\/\/filosofiadobemestar.com.br\/#\/schema\/logo\/image\/\",\"url\":\"https:\/\/filosofiadobemestar.com.br\/wp-content\/uploads\/2024\/05\/Awesome2-1.png\",\"contentUrl\":\"https:\/\/filosofiadobemestar.com.br\/wp-content\/uploads\/2024\/05\/Awesome2-1.png\",\"width\":248,\"height\":248,\"caption\":\"Adri Bomtempi\"},\"image\":{\"@id\":\"https:\/\/filosofiadobemestar.com.br\/#\/schema\/logo\/image\/\"}}]}<\/script>\n<!-- \/ Yoast SEO plugin. -->","yoast_head_json":{"title":"Clube da Leitura - Adri Bomtempi","robots":{"index":"index","follow":"follow","max-snippet":"max-snippet:-1","max-image-preview":"max-image-preview:large","max-video-preview":"max-video-preview:-1"},"canonical":"https:\/\/filosofiadobemestar.com.br\/?page_id=4320","og_locale":"en_US","og_type":"article","og_title":"Clube da Leitura - Adri Bomtempi","og_description":"Bem-vindo! Nosso clube \u00e9 um espa\u00e7o para mergulhar em livros transformadores, compartilhar reflex\u00f5es profundas e expandir a consci\u00eancia por meio da leitura. Aqui, formamos uma comunidade conectada pelo autoconhecimento e pela busca por sabedoria. Atualmente, estamos explorando Mulheres que Correm com os Lobos, um convite para resgatar a ess\u00eancia instintiva e a for\u00e7a interior. Mas &hellip; Continue reading Clube da Leitura","og_url":"https:\/\/filosofiadobemestar.com.br\/?page_id=4320","og_site_name":"Adri Bomtempi","article_modified_time":"2025-03-10T18:57:35+00:00","og_image":[{"url":"https:\/\/filosofiadobemestar.com.br\/wp-content\/uploads\/2025\/03\/Clube-da-Leitura-1024x576.png"}],"twitter_card":"summary_large_image","twitter_misc":{"Est. reading time":"1 minute"},"schema":{"@context":"https:\/\/schema.org","@graph":[{"@type":"WebPage","@id":"https:\/\/filosofiadobemestar.com.br\/?page_id=4320","url":"https:\/\/filosofiadobemestar.com.br\/?page_id=4320","name":"Clube da Leitura - Adri Bomtempi","isPartOf":{"@id":"https:\/\/filosofiadobemestar.com.br\/#website"},"primaryImageOfPage":{"@id":"https:\/\/filosofiadobemestar.com.br\/?page_id=4320#primaryimage"},"image":{"@id":"https:\/\/filosofiadobemestar.com.br\/?page_id=4320#primaryimage"},"thumbnailUrl":"https:\/\/filosofiadobemestar.com.br\/wp-content\/uploads\/2025\/03\/Clube-da-Leitura-1024x576.png","datePublished":"2025-03-10T18:51:06+00:00","dateModified":"2025-03-10T18:57:35+00:00","breadcrumb":{"@id":"https:\/\/filosofiadobemestar.com.br\/?page_id=4320#breadcrumb"},"inLanguage":"en-US","potentialAction":[{"@type":"ReadAction","target":["https:\/\/filosofiadobemestar.com.br\/?page_id=4320"]}]},{"@type":"ImageObject","inLanguage":"en-US","@id":"https:\/\/filosofiadobemestar.com.br\/?page_id=4320#primaryimage","url":"https:\/\/filosofiadobemestar.com.br\/wp-content\/uploads\/2025\/03\/Clube-da-Leitura.png","contentUrl":"https:\/\/filosofiadobemestar.com.br\/wp-content\/uploads\/2025\/03\/Clube-da-Leitura.png","width":1280,"height":720},{"@type":"BreadcrumbList","@id":"https:\/\/filosofiadobemestar.com.br\/?page_id=4320#breadcrumb","itemListElement":[{"@type":"ListItem","position":1,"name":"Home","item":"https:\/\/filosofiadobemestar.com.br\/"},{"@type":"ListItem","position":2,"name":"Clube da Leitura"}]},{"@type":"WebSite","@id":"https:\/\/filosofiadobemestar.com.br\/#website","url":"https:\/\/filosofiadobemestar.com.br\/","name":"Adri Bomtempi","description":"Psicanalista Integrativa","publisher":{"@id":"https:\/\/filosofiadobemestar.com.br\/#organization"},"potentialAction":[{"@type":"SearchAction","target":{"@type":"EntryPoint","urlTemplate":"https:\/\/filosofiadobemestar.com.br\/?s={search_term_string}"},"query-input":"required name=search_term_string"}],"inLanguage":"en-US"},{"@type":"Organization","@id":"https:\/\/filosofiadobemestar.com.br\/#organization","name":"Adri Bomtempi","url":"https:\/\/filosofiadobemestar.com.br\/","logo":{"@type":"ImageObject","inLanguage":"en-US","@id":"https:\/\/filosofiadobemestar.com.br\/#\/schema\/logo\/image\/","url":"https:\/\/filosofiadobemestar.com.br\/wp-content\/uploads\/2024\/05\/Awesome2-1.png","contentUrl":"https:\/\/filosofiadobemestar.com.br\/wp-content\/uploads\/2024\/05\/Awesome2-1.png","width":248,"height":248,"caption":"Adri Bomtempi"},"image":{"@id":"https:\/\/filosofiadobemestar.com.br\/#\/schema\/logo\/image\/"}}]}},"post_mailing_queue_ids":[],"_links":{"self":[{"href":"https:\/\/filosofiadobemestar.com.br\/index.php?rest_route=\/wp\/v2\/pages\/4320"}],"collection":[{"href":"https:\/\/filosofiadobemestar.com.br\/index.php?rest_route=\/wp\/v2\/pages"}],"about":[{"href":"https:\/\/filosofiadobemestar.com.br\/index.php?rest_route=\/wp\/v2\/types\/page"}],"author":[{"embeddable":true,"href":"https:\/\/filosofiadobemestar.com.br\/index.php?rest_route=\/wp\/v2\/users\/1"}],"replies":[{"embeddable":true,"href":"https:\/\/filosofiadobemestar.com.br\/index.php?rest_route=%2Fwp%2Fv2%2Fcomments&post=4320"}],"version-history":[{"count":3,"href":"https:\/\/filosofiadobemestar.com.br\/index.php?rest_route=\/wp\/v2\/pages\/4320\/revisions"}],"predecessor-version":[{"id":4325,"href":"https:\/\/filosofiadobemestar.com.br\/index.php?rest_route=\/wp\/v2\/pages\/4320\/revisions\/4325"}],"wp:attachment":[{"href":"https:\/\/filosofiadobemestar.com.br\/index.php?rest_route=%2Fwp%2Fv2%2Fmedia&parent=4320"}],"curies":[{"name":"wp","href":"https:\/\/api.w.org\/{rel}","templated":true}]}}