{"id":719,"date":"2020-10-02T13:52:57","date_gmt":"2020-10-02T13:52:57","guid":{"rendered":"https:\/\/filosofiadobemestar.com.br\/?page_id=719"},"modified":"2026-01-02T21:13:36","modified_gmt":"2026-01-02T21:13:36","slug":"home","status":"publish","type":"page","link":"https:\/\/filosofiadobemestar.com.br\/","title":{"rendered":"Filosofia do Bem Estar"},"content":{"rendered":"\r\n<figure class=\"wp-block-image size-large\"><img loading=\"lazy\" decoding=\"async\" width=\"1024\" height=\"512\" class=\"wp-image-312\" src=\"https:\/\/filosofiadobemestar.com.br\/wp-content\/uploads\/2020\/09\/5-1024x512.jpg\" alt=\"\" srcset=\"https:\/\/filosofiadobemestar.com.br\/wp-content\/uploads\/2020\/09\/5-1024x512.jpg 1024w, https:\/\/filosofiadobemestar.com.br\/wp-content\/uploads\/2020\/09\/5-300x150.jpg 300w, https:\/\/filosofiadobemestar.com.br\/wp-content\/uploads\/2020\/09\/5-768x384.jpg 768w, https:\/\/filosofiadobemestar.com.br\/wp-content\/uploads\/2020\/09\/5-660x330.jpg 660w, https:\/\/filosofiadobemestar.com.br\/wp-content\/uploads\/2020\/09\/5-640x320.jpg 640w, https:\/\/filosofiadobemestar.com.br\/wp-content\/uploads\/2020\/09\/5-255x128.jpg 255w, https:\/\/filosofiadobemestar.com.br\/wp-content\/uploads\/2020\/09\/5.jpg 1280w\" sizes=\"(max-width: 1024px) 100vw, 1024px\" \/><\/figure>\r\n\r\n\r\n\r\n<p>&nbsp;<\/p>\r\n\r\n\r\n\r\n<p>O Caminho para uma Vida Plena<\/p>\r\n\r\n\r\n\r\n<p>A Filosofia do Bem-Estar \u00e9 um convite para viver com mais leveza, prop\u00f3sito e abund\u00e2ncia. Baseada nos princ\u00edpios da intelig\u00eancia emocional, das Leis Herm\u00e9ticas e da expans\u00e3o da consci\u00eancia, ela nos ensina que a realidade externa \u00e9 um reflexo do nosso mundo interno. Ao compreendermos e aplicarmos esses fundamentos, nos tornamos cocriadores conscientes da nossa pr\u00f3pria jornada.<\/p>\r\n<p>Atrav\u00e9s do alinhamento entre mente, emo\u00e7\u00f5es e energia, podemos transformar desafios em oportunidades, dissolver cren\u00e7as limitantes e acessar um estado de maior equil\u00edbrio e satisfa\u00e7\u00e3o. O Bem-Estar verdadeiro n\u00e3o \u00e9 apenas a aus\u00eancia de problemas, mas a presen\u00e7a de clareza, alegria e conex\u00e3o com quem realmente somos.<\/p>\r\n<p>Esse \u00e9 um caminho de autodescoberta e transforma\u00e7\u00e3o, onde pequenas mudan\u00e7as internas geram grandes resultados externos. Se voc\u00ea busca viver com mais harmonia e prop\u00f3sito, a Filosofia do Bem-Estar pode ser a chave para essa nova realidade.<\/p>\r\n\r\n\r\n\r\n<p>Adri Bomtempi<\/p>\r\n\r\n\r\n\r\n<p><a href=\"https:\/\/t.me\/+vKNCQQNmahJkNmQx\">Grupo de Bate Papo no Telegram<\/a><\/p>\r\n\r\n\r\n\r\n<p><a href=\"https:\/\/www.youtube.com\/@filosofiadobemestar\">Canal no YouTube<\/a><\/p>\r\n","protected":false},"excerpt":{"rendered":"<p>&nbsp; O Caminho para uma Vida Plena A Filosofia do Bem-Estar \u00e9 um convite para viver com mais leveza, prop\u00f3sito e abund\u00e2ncia. Baseada nos princ\u00edpios da intelig\u00eancia emocional, das Leis Herm\u00e9ticas e da expans\u00e3o da consci\u00eancia, ela nos ensina que a realidade externa \u00e9 um reflexo do nosso mundo interno. Ao compreendermos e aplicarmos esses &hellip; <a href=\"https:\/\/filosofiadobemestar.com.br\/\" class=\"more-link\">Continue reading <span class=\"screen-reader-text\">Filosofia do Bem Estar<\/span><\/a><\/p>\n","protected":false},"author":1,"featured_media":0,"parent":0,"menu_order":0,"comment_status":"closed","ping_status":"closed","template":"","meta":{"_monsterinsights_skip_tracking":false,"_monsterinsights_sitenote_active":false,"_monsterinsights_sitenote_note":"","_monsterinsights_sitenote_category":0,"footnotes":""},"yoast_head":"<!-- This site is optimized with the Yoast SEO plugin v22.3 - https:\/\/yoast.com\/wordpress\/plugins\/seo\/ -->\n<title>Filosofia do Bem Estar - Adri Bomtempi<\/title>\n<meta name=\"robots\" content=\"index, follow, max-snippet:-1, max-image-preview:large, max-video-preview:-1\" \/>\n<link rel=\"canonical\" href=\"https:\/\/filosofiadobemestar.com.br\/\" \/>\n<meta property=\"og:locale\" content=\"en_US\" \/>\n<meta property=\"og:type\" content=\"article\" \/>\n<meta property=\"og:title\" content=\"Filosofia do Bem Estar - Adri Bomtempi\" \/>\n<meta property=\"og:description\" content=\"&nbsp; O Caminho para uma Vida Plena A Filosofia do Bem-Estar \u00e9 um convite para viver com mais leveza, prop\u00f3sito e abund\u00e2ncia. Baseada nos princ\u00edpios da intelig\u00eancia emocional, das Leis Herm\u00e9ticas e da expans\u00e3o da consci\u00eancia, ela nos ensina que a realidade externa \u00e9 um reflexo do nosso mundo interno. Ao compreendermos e aplicarmos esses &hellip; Continue reading Filosofia do Bem Estar\" \/>\n<meta property=\"og:url\" content=\"https:\/\/filosofiadobemestar.com.br\/\" \/>\n<meta property=\"og:site_name\" content=\"Adri Bomtempi\" \/>\n<meta property=\"article:modified_time\" content=\"2026-01-02T21:13:36+00:00\" \/>\n<meta property=\"og:image\" content=\"https:\/\/filosofiadobemestar.com.br\/wp-content\/uploads\/2020\/09\/5-1024x512.jpg\" \/>\n<meta name=\"twitter:card\" content=\"summary_large_image\" \/>\n<meta name=\"twitter:label1\" content=\"Est. reading time\" \/>\n\t<meta name=\"twitter:data1\" content=\"1 minute\" \/>\n<script type=\"application\/ld+json\" class=\"yoast-schema-graph\">{\"@context\":\"https:\/\/schema.org\",\"@graph\":[{\"@type\":\"WebPage\",\"@id\":\"https:\/\/filosofiadobemestar.com.br\/\",\"url\":\"https:\/\/filosofiadobemestar.com.br\/\",\"name\":\"Filosofia do Bem Estar - Adri Bomtempi\",\"isPartOf\":{\"@id\":\"https:\/\/filosofiadobemestar.com.br\/#website\"},\"primaryImageOfPage\":{\"@id\":\"https:\/\/filosofiadobemestar.com.br\/#primaryimage\"},\"image\":{\"@id\":\"https:\/\/filosofiadobemestar.com.br\/#primaryimage\"},\"thumbnailUrl\":\"https:\/\/filosofiadobemestar.com.br\/wp-content\/uploads\/2020\/09\/5-1024x512.jpg\",\"datePublished\":\"2020-10-02T13:52:57+00:00\",\"dateModified\":\"2026-01-02T21:13:36+00:00\",\"breadcrumb\":{\"@id\":\"https:\/\/filosofiadobemestar.com.br\/#breadcrumb\"},\"inLanguage\":\"en-US\",\"potentialAction\":[{\"@type\":\"ReadAction\",\"target\":[\"https:\/\/filosofiadobemestar.com.br\/\"]}]},{\"@type\":\"ImageObject\",\"inLanguage\":\"en-US\",\"@id\":\"https:\/\/filosofiadobemestar.com.br\/#primaryimage\",\"url\":\"https:\/\/filosofiadobemestar.com.br\/wp-content\/uploads\/2020\/09\/5-1024x512.jpg\",\"contentUrl\":\"https:\/\/filosofiadobemestar.com.br\/wp-content\/uploads\/2020\/09\/5-1024x512.jpg\"},{\"@type\":\"BreadcrumbList\",\"@id\":\"https:\/\/filosofiadobemestar.com.br\/#breadcrumb\",\"itemListElement\":[{\"@type\":\"ListItem\",\"position\":1,\"name\":\"Home\",\"item\":\"https:\/\/filosofiadobemestar.com.br\/\"},{\"@type\":\"ListItem\",\"position\":2,\"name\":\"Filosofia do Bem Estar\"}]},{\"@type\":\"WebSite\",\"@id\":\"https:\/\/filosofiadobemestar.com.br\/#website\",\"url\":\"https:\/\/filosofiadobemestar.com.br\/\",\"name\":\"Adri Bomtempi\",\"description\":\"Psicanalista Integrativa\",\"publisher\":{\"@id\":\"https:\/\/filosofiadobemestar.com.br\/#organization\"},\"potentialAction\":[{\"@type\":\"SearchAction\",\"target\":{\"@type\":\"EntryPoint\",\"urlTemplate\":\"https:\/\/filosofiadobemestar.com.br\/?s={search_term_string}\"},\"query-input\":\"required name=search_term_string\"}],\"inLanguage\":\"en-US\"},{\"@type\":\"Organization\",\"@id\":\"https:\/\/filosofiadobemestar.com.br\/#organization\",\"name\":\"Adri Bomtempi\",\"url\":\"https:\/\/filosofiadobemestar.com.br\/\",\"logo\":{\"@type\":\"ImageObject\",\"inLanguage\":\"en-US\",\"@id\":\"https:\/\/filosofiadobemestar.com.br\/#\/schema\/logo\/image\/\",\"url\":\"https:\/\/filosofiadobemestar.com.br\/wp-content\/uploads\/2024\/05\/Awesome2-1.png\",\"contentUrl\":\"https:\/\/filosofiadobemestar.com.br\/wp-content\/uploads\/2024\/05\/Awesome2-1.png\",\"width\":248,\"height\":248,\"caption\":\"Adri Bomtempi\"},\"image\":{\"@id\":\"https:\/\/filosofiadobemestar.com.br\/#\/schema\/logo\/image\/\"}}]}<\/script>\n<!-- \/ Yoast SEO plugin. -->","yoast_head_json":{"title":"Filosofia do Bem Estar - Adri Bomtempi","robots":{"index":"index","follow":"follow","max-snippet":"max-snippet:-1","max-image-preview":"max-image-preview:large","max-video-preview":"max-video-preview:-1"},"canonical":"https:\/\/filosofiadobemestar.com.br\/","og_locale":"en_US","og_type":"article","og_title":"Filosofia do Bem Estar - Adri Bomtempi","og_description":"&nbsp; O Caminho para uma Vida Plena A Filosofia do Bem-Estar \u00e9 um convite para viver com mais leveza, prop\u00f3sito e abund\u00e2ncia. Baseada nos princ\u00edpios da intelig\u00eancia emocional, das Leis Herm\u00e9ticas e da expans\u00e3o da consci\u00eancia, ela nos ensina que a realidade externa \u00e9 um reflexo do nosso mundo interno. Ao compreendermos e aplicarmos esses &hellip; Continue reading Filosofia do Bem Estar","og_url":"https:\/\/filosofiadobemestar.com.br\/","og_site_name":"Adri Bomtempi","article_modified_time":"2026-01-02T21:13:36+00:00","og_image":[{"url":"https:\/\/filosofiadobemestar.com.br\/wp-content\/uploads\/2020\/09\/5-1024x512.jpg"}],"twitter_card":"summary_large_image","twitter_misc":{"Est. reading time":"1 minute"},"schema":{"@context":"https:\/\/schema.org","@graph":[{"@type":"WebPage","@id":"https:\/\/filosofiadobemestar.com.br\/","url":"https:\/\/filosofiadobemestar.com.br\/","name":"Filosofia do Bem Estar - Adri Bomtempi","isPartOf":{"@id":"https:\/\/filosofiadobemestar.com.br\/#website"},"primaryImageOfPage":{"@id":"https:\/\/filosofiadobemestar.com.br\/#primaryimage"},"image":{"@id":"https:\/\/filosofiadobemestar.com.br\/#primaryimage"},"thumbnailUrl":"https:\/\/filosofiadobemestar.com.br\/wp-content\/uploads\/2020\/09\/5-1024x512.jpg","datePublished":"2020-10-02T13:52:57+00:00","dateModified":"2026-01-02T21:13:36+00:00","breadcrumb":{"@id":"https:\/\/filosofiadobemestar.com.br\/#breadcrumb"},"inLanguage":"en-US","potentialAction":[{"@type":"ReadAction","target":["https:\/\/filosofiadobemestar.com.br\/"]}]},{"@type":"ImageObject","inLanguage":"en-US","@id":"https:\/\/filosofiadobemestar.com.br\/#primaryimage","url":"https:\/\/filosofiadobemestar.com.br\/wp-content\/uploads\/2020\/09\/5-1024x512.jpg","contentUrl":"https:\/\/filosofiadobemestar.com.br\/wp-content\/uploads\/2020\/09\/5-1024x512.jpg"},{"@type":"BreadcrumbList","@id":"https:\/\/filosofiadobemestar.com.br\/#breadcrumb","itemListElement":[{"@type":"ListItem","position":1,"name":"Home","item":"https:\/\/filosofiadobemestar.com.br\/"},{"@type":"ListItem","position":2,"name":"Filosofia do Bem Estar"}]},{"@type":"WebSite","@id":"https:\/\/filosofiadobemestar.com.br\/#website","url":"https:\/\/filosofiadobemestar.com.br\/","name":"Adri Bomtempi","description":"Psicanalista Integrativa","publisher":{"@id":"https:\/\/filosofiadobemestar.com.br\/#organization"},"potentialAction":[{"@type":"SearchAction","target":{"@type":"EntryPoint","urlTemplate":"https:\/\/filosofiadobemestar.com.br\/?s={search_term_string}"},"query-input":"required name=search_term_string"}],"inLanguage":"en-US"},{"@type":"Organization","@id":"https:\/\/filosofiadobemestar.com.br\/#organization","name":"Adri Bomtempi","url":"https:\/\/filosofiadobemestar.com.br\/","logo":{"@type":"ImageObject","inLanguage":"en-US","@id":"https:\/\/filosofiadobemestar.com.br\/#\/schema\/logo\/image\/","url":"https:\/\/filosofiadobemestar.com.br\/wp-content\/uploads\/2024\/05\/Awesome2-1.png","contentUrl":"https:\/\/filosofiadobemestar.com.br\/wp-content\/uploads\/2024\/05\/Awesome2-1.png","width":248,"height":248,"caption":"Adri Bomtempi"},"image":{"@id":"https:\/\/filosofiadobemestar.com.br\/#\/schema\/logo\/image\/"}}]}},"post_mailing_queue_ids":[],"_links":{"self":[{"href":"https:\/\/filosofiadobemestar.com.br\/index.php?rest_route=\/wp\/v2\/pages\/719"}],"collection":[{"href":"https:\/\/filosofiadobemestar.com.br\/index.php?rest_route=\/wp\/v2\/pages"}],"about":[{"href":"https:\/\/filosofiadobemestar.com.br\/index.php?rest_route=\/wp\/v2\/types\/page"}],"author":[{"embeddable":true,"href":"https:\/\/filosofiadobemestar.com.br\/index.php?rest_route=\/wp\/v2\/users\/1"}],"replies":[{"embeddable":true,"href":"https:\/\/filosofiadobemestar.com.br\/index.php?rest_route=%2Fwp%2Fv2%2Fcomments&post=719"}],"version-history":[{"count":21,"href":"https:\/\/filosofiadobemestar.com.br\/index.php?rest_route=\/wp\/v2\/pages\/719\/revisions"}],"predecessor-version":[{"id":4520,"href":"https:\/\/filosofiadobemestar.com.br\/index.php?rest_route=\/wp\/v2\/pages\/719\/revisions\/4520"}],"wp:attachment":[{"href":"https:\/\/filosofiadobemestar.com.br\/index.php?rest_route=%2Fwp%2Fv2%2Fmedia&parent=719"}],"curies":[{"name":"wp","href":"https:\/\/api.w.org\/{rel}","templated":true}]}}